{"id":286,"date":"2022-08-01T18:00:32","date_gmt":"2022-08-01T18:00:32","guid":{"rendered":"http:\/\/zacisze-zbiczno.pl\/?page_id=286"},"modified":"2022-08-10T09:57:00","modified_gmt":"2022-08-10T09:57:00","slug":"pikniki","status":"publish","type":"page","link":"https:\/\/zacisze-zbiczno.pl\/index.php\/pikniki\/","title":{"rendered":"Pikniki"},"content":{"rendered":"\t\t<div data-elementor-type=\"wp-page\" data-elementor-id=\"286\" class=\"elementor elementor-286\">\n\t\t\t\t\t\t<section class=\"elementor-section elementor-top-section elementor-element elementor-element-aee1889 elementor-section-height-min-height elementor-section-boxed elementor-section-height-default elementor-section-items-middle\" data-id=\"aee1889\" data-element_type=\"section\" data-e-type=\"section\" data-settings=\"{&quot;background_background&quot;:&quot;classic&quot;}\">\n\t\t\t\t\t\t<div class=\"elementor-container elementor-column-gap-default\">\n\t\t\t\t\t<div class=\"elementor-column elementor-col-100 elementor-top-column elementor-element elementor-element-935f390\" data-id=\"935f390\" data-element_type=\"column\" data-e-type=\"column\">\n\t\t\t<div class=\"elementor-widget-wrap elementor-element-populated\">\n\t\t\t\t\t\t<div class=\"elementor-element elementor-element-83dfeb8 elementor-widget elementor-widget-heading\" data-id=\"83dfeb8\" data-element_type=\"widget\" data-e-type=\"widget\" data-widget_type=\"heading.default\">\n\t\t\t\t<div class=\"elementor-widget-container\">\n\t\t\t\t\t<h2 class=\"elementor-heading-title elementor-size-default\">Pikniki firmowe &bull; Eventy<\/h2>\t\t\t\t<\/div>\n\t\t\t\t<\/div>\n\t\t\t\t<div class=\"elementor-element elementor-element-e543b6c elementor-widget elementor-widget-heading\" data-id=\"e543b6c\" data-element_type=\"widget\" data-e-type=\"widget\" data-widget_type=\"heading.default\">\n\t\t\t\t<div class=\"elementor-widget-container\">\n\t\t\t\t\t<h2 class=\"elementor-heading-title elementor-size-default\">Zorganizuj imprez\u0119 firmow\u0105<\/h2>\t\t\t\t<\/div>\n\t\t\t\t<\/div>\n\t\t\t\t\t<\/div>\n\t\t<\/div>\n\t\t\t\t\t<\/div>\n\t\t<\/section>\n\t\t\t\t<section class=\"elementor-section elementor-top-section elementor-element elementor-element-15b2e2e elementor-section-height-min-height elementor-reverse-tablet elementor-reverse-mobile elementor-section-boxed elementor-section-height-default elementor-section-items-middle\" data-id=\"15b2e2e\" data-element_type=\"section\" data-e-type=\"section\">\n\t\t\t\t\t\t<div class=\"elementor-container elementor-column-gap-default\">\n\t\t\t\t\t<div class=\"elementor-column elementor-col-50 elementor-top-column elementor-element elementor-element-61c7bbb\" data-id=\"61c7bbb\" data-element_type=\"column\" data-e-type=\"column\">\n\t\t\t<div class=\"elementor-widget-wrap elementor-element-populated\">\n\t\t\t\t\t\t<div class=\"elementor-element elementor-element-3f09a97 elementor-widget elementor-widget-image\" data-id=\"3f09a97\" data-element_type=\"widget\" data-e-type=\"widget\" data-widget_type=\"image.default\">\n\t\t\t\t<div class=\"elementor-widget-container\">\n\t\t\t\t\t\t\t\t\t\t\t\t\t\t\t<img fetchpriority=\"high\" decoding=\"async\" width=\"715\" height=\"1024\" src=\"https:\/\/zacisze-zbiczno.pl\/wp-content\/uploads\/2022\/08\/weeding-event-715x1024.jpg\" class=\"attachment-large size-large wp-image-318\" alt=\"\" srcset=\"https:\/\/zacisze-zbiczno.pl\/wp-content\/uploads\/2022\/08\/weeding-event-715x1024.jpg 715w, https:\/\/zacisze-zbiczno.pl\/wp-content\/uploads\/2022\/08\/weeding-event-210x300.jpg 210w, https:\/\/zacisze-zbiczno.pl\/wp-content\/uploads\/2022\/08\/weeding-event-768x1099.jpg 768w, https:\/\/zacisze-zbiczno.pl\/wp-content\/uploads\/2022\/08\/weeding-event.jpg 1048w\" sizes=\"(max-width: 715px) 100vw, 715px\" \/>\t\t\t\t\t\t\t\t\t\t\t\t\t\t\t<\/div>\n\t\t\t\t<\/div>\n\t\t\t\t\t<\/div>\n\t\t<\/div>\n\t\t\t\t<div class=\"elementor-column elementor-col-50 elementor-top-column elementor-element elementor-element-310d1e8\" data-id=\"310d1e8\" data-element_type=\"column\" data-e-type=\"column\">\n\t\t\t<div class=\"elementor-widget-wrap elementor-element-populated\">\n\t\t\t\t\t\t<div class=\"elementor-element elementor-element-aab82fd elementor-widget elementor-widget-heading\" data-id=\"aab82fd\" data-element_type=\"widget\" data-e-type=\"widget\" data-widget_type=\"heading.default\">\n\t\t\t\t<div class=\"elementor-widget-container\">\n\t\t\t\t\t<h2 class=\"elementor-heading-title elementor-size-default\">Pikniki firmowe i rodzinne<\/h2>\t\t\t\t<\/div>\n\t\t\t\t<\/div>\n\t\t\t\t<div class=\"elementor-element elementor-element-7825acb elementor-widget elementor-widget-heading\" data-id=\"7825acb\" data-element_type=\"widget\" data-e-type=\"widget\" data-widget_type=\"heading.default\">\n\t\t\t\t<div class=\"elementor-widget-container\">\n\t\t\t\t\t<h2 class=\"elementor-heading-title elementor-size-default\">Organizacja imprez<\/h2>\t\t\t\t<\/div>\n\t\t\t\t<\/div>\n\t\t\t\t<div class=\"elementor-element elementor-element-49731a1 elementor-widget elementor-widget-text-editor\" data-id=\"49731a1\" data-element_type=\"widget\" data-e-type=\"widget\" data-widget_type=\"text-editor.default\">\n\t\t\t\t<div class=\"elementor-widget-container\">\n\t\t\t\t\t\t\t\t\t<p><span style=\"font-weight: 400;\">Tego rodzaju imprezy \u0142\u0105cz\u0105 zabaw\u0119 i relaks na \u015bwie\u017cym powietrzu z mo\u017cliwo\u015bci\u0105 integracji pracownik\u00f3w firmy i ich rodzin. Mamy bogate do\u015bwiadczenie w organizacji piknik\u00f3w firmowych i rodzinnych. Mieli\u015bmy okazj\u0119 organizowa\u0107 pikniki na ponad 1,5 tys. os\u00f3b. Nasze us\u0142ugi realizujemy zawsze z dok\u0142adno\u015bci\u0105 i dba\u0142o\u015bci\u0105 o detale, dzi\u0119ki czemu wszystko jest dopracowane i dopi\u0119te na ostatni guzik!<\/span><\/p><p><span style=\"font-weight: 400;\">Na imprezach przez nas organizowanych zapewniamy najwy\u017cszej jako\u015bci posi\u0142ki i przek\u0105ski, kt\u00f3re sami przygotowujemy. Serwujemy dania zimne i ciep\u0142e, r\u00f3\u017cnego rodzaju przek\u0105ski i napoje. Wsp\u00f3\u0142pracujemy r\u00f3wnie\u017c z firmami cateringowymi. Sta\u0142e wsp\u00f3\u0142prace z firmami eventowymi pozwalaj\u0105 nam na przygotowanie niepowtarzalnych atrakcji i zabaw dla uczestnik\u00f3w. Zapewniamy tak\u017ce opiek\u0119 i atrakcje dla dzieci. Najcz\u0119\u015bciej s\u0105 to dmuchane zje\u017cd\u017calnie i zamki oraz animatorzy, kt\u00f3rzy przez kilka godzin zajm\u0105 si\u0119 pociechami. W ofercie mamy bogate zaplecze atrakcji dla doros\u0142ych. Profesjonalni animatorzy poprowadz\u0105 gry i zabawy integracyjne dla uczestnik\u00f3w. <\/span><\/p><p><span style=\"font-weight: 400;\">\u00a0<\/span><\/p>\t\t\t\t\t\t\t\t<\/div>\n\t\t\t\t<\/div>\n\t\t\t\t\t<\/div>\n\t\t<\/div>\n\t\t\t\t\t<\/div>\n\t\t<\/section>\n\t\t\t\t<\/div>\n\t\t","protected":false},"excerpt":{"rendered":"<p>Pikniki firmowe &bull; Eventy Zorganizuj imprez\u0119 firmow\u0105 Pikniki firmowe i rodzinne Organizacja imprez Tego rodzaju imprezy \u0142\u0105cz\u0105 zabaw\u0119 i relaks na \u015bwie\u017cym powietrzu z mo\u017cliwo\u015bci\u0105 integracji pracownik\u00f3w firmy i ich rodzin. Mamy bogate do\u015bwiadczenie w organizacji piknik\u00f3w firmowych i rodzinnych. Mieli\u015bmy okazj\u0119 organizowa\u0107 pikniki na ponad 1,5 tys. os\u00f3b. Nasze us\u0142ugi realizujemy zawsze z dok\u0142adno\u015bci\u0105 [&hellip;]<\/p>\n","protected":false},"author":1,"featured_media":0,"parent":0,"menu_order":0,"comment_status":"closed","ping_status":"closed","template":"","meta":{"footnotes":""},"class_list":["post-286","page","type-page","status-publish","hentry"],"yoast_head":"<!-- This site is optimized with the Yoast SEO plugin v27.4 - https:\/\/yoast.com\/product\/yoast-seo-wordpress\/ -->\n<title>Pikniki - Zacisze Zbiczno<\/title>\n<meta name=\"robots\" content=\"index, follow, max-snippet:-1, max-image-preview:large, max-video-preview:-1\" \/>\n<link rel=\"canonical\" href=\"https:\/\/zacisze-zbiczno.pl\/index.php\/pikniki\/\" \/>\n<meta property=\"og:locale\" content=\"pl_PL\" \/>\n<meta property=\"og:type\" content=\"article\" \/>\n<meta property=\"og:title\" content=\"Pikniki - Zacisze Zbiczno\" \/>\n<meta property=\"og:description\" content=\"Pikniki firmowe &bull; Eventy Zorganizuj imprez\u0119 firmow\u0105 Pikniki firmowe i rodzinne Organizacja imprez Tego rodzaju imprezy \u0142\u0105cz\u0105 zabaw\u0119 i relaks na \u015bwie\u017cym powietrzu z mo\u017cliwo\u015bci\u0105 integracji pracownik\u00f3w firmy i ich rodzin. Mamy bogate do\u015bwiadczenie w organizacji piknik\u00f3w firmowych i rodzinnych. Mieli\u015bmy okazj\u0119 organizowa\u0107 pikniki na ponad 1,5 tys. os\u00f3b. Nasze us\u0142ugi realizujemy zawsze z dok\u0142adno\u015bci\u0105 [&hellip;]\" \/>\n<meta property=\"og:url\" content=\"https:\/\/zacisze-zbiczno.pl\/index.php\/pikniki\/\" \/>\n<meta property=\"og:site_name\" content=\"Zacisze Zbiczno\" \/>\n<meta property=\"article:publisher\" content=\"https:\/\/www.facebook.com\/zaciszezbiczno\" \/>\n<meta property=\"article:modified_time\" content=\"2022-08-10T09:57:00+00:00\" \/>\n<meta property=\"og:image\" content=\"http:\/\/zacisze-zbiczno.pl\/wp-content\/uploads\/2022\/08\/weeding-event-715x1024.jpg\" \/>\n<meta name=\"twitter:card\" content=\"summary_large_image\" \/>\n<meta name=\"twitter:label1\" content=\"Szacowany czas czytania\" \/>\n\t<meta name=\"twitter:data1\" content=\"2 minuty\" \/>\n<script type=\"application\/ld+json\" class=\"yoast-schema-graph\">{\"@context\":\"https:\\\/\\\/schema.org\",\"@graph\":[{\"@type\":\"WebPage\",\"@id\":\"https:\\\/\\\/zacisze-zbiczno.pl\\\/index.php\\\/pikniki\\\/\",\"url\":\"https:\\\/\\\/zacisze-zbiczno.pl\\\/index.php\\\/pikniki\\\/\",\"name\":\"Pikniki - Zacisze Zbiczno\",\"isPartOf\":{\"@id\":\"https:\\\/\\\/zacisze-zbiczno.pl\\\/#website\"},\"primaryImageOfPage\":{\"@id\":\"https:\\\/\\\/zacisze-zbiczno.pl\\\/index.php\\\/pikniki\\\/#primaryimage\"},\"image\":{\"@id\":\"https:\\\/\\\/zacisze-zbiczno.pl\\\/index.php\\\/pikniki\\\/#primaryimage\"},\"thumbnailUrl\":\"http:\\\/\\\/zacisze-zbiczno.pl\\\/wp-content\\\/uploads\\\/2022\\\/08\\\/weeding-event-715x1024.jpg\",\"datePublished\":\"2022-08-01T18:00:32+00:00\",\"dateModified\":\"2022-08-10T09:57:00+00:00\",\"breadcrumb\":{\"@id\":\"https:\\\/\\\/zacisze-zbiczno.pl\\\/index.php\\\/pikniki\\\/#breadcrumb\"},\"inLanguage\":\"pl-PL\",\"potentialAction\":[{\"@type\":\"ReadAction\",\"target\":[\"https:\\\/\\\/zacisze-zbiczno.pl\\\/index.php\\\/pikniki\\\/\"]}]},{\"@type\":\"ImageObject\",\"inLanguage\":\"pl-PL\",\"@id\":\"https:\\\/\\\/zacisze-zbiczno.pl\\\/index.php\\\/pikniki\\\/#primaryimage\",\"url\":\"https:\\\/\\\/zacisze-zbiczno.pl\\\/wp-content\\\/uploads\\\/2022\\\/08\\\/weeding-event.jpg\",\"contentUrl\":\"https:\\\/\\\/zacisze-zbiczno.pl\\\/wp-content\\\/uploads\\\/2022\\\/08\\\/weeding-event.jpg\",\"width\":1048,\"height\":1500},{\"@type\":\"BreadcrumbList\",\"@id\":\"https:\\\/\\\/zacisze-zbiczno.pl\\\/index.php\\\/pikniki\\\/#breadcrumb\",\"itemListElement\":[{\"@type\":\"ListItem\",\"position\":1,\"name\":\"Strona g\u0142\u00f3wna\",\"item\":\"https:\\\/\\\/zacisze-zbiczno.pl\\\/\"},{\"@type\":\"ListItem\",\"position\":2,\"name\":\"Pikniki\"}]},{\"@type\":\"WebSite\",\"@id\":\"https:\\\/\\\/zacisze-zbiczno.pl\\\/#website\",\"url\":\"https:\\\/\\\/zacisze-zbiczno.pl\\\/\",\"name\":\"Zacisze Zbiczno\",\"description\":\"Noclegi oraz sala weselna | Organizujemy przyj\u0119cia okoliczno\u015bciowe oraz wesela | Wypocznij w\u015br\u00f3d las\u00f3w i jezior\",\"publisher\":{\"@id\":\"https:\\\/\\\/zacisze-zbiczno.pl\\\/#organization\"},\"potentialAction\":[{\"@type\":\"SearchAction\",\"target\":{\"@type\":\"EntryPoint\",\"urlTemplate\":\"https:\\\/\\\/zacisze-zbiczno.pl\\\/?s={search_term_string}\"},\"query-input\":{\"@type\":\"PropertyValueSpecification\",\"valueRequired\":true,\"valueName\":\"search_term_string\"}}],\"inLanguage\":\"pl-PL\"},{\"@type\":\"Organization\",\"@id\":\"https:\\\/\\\/zacisze-zbiczno.pl\\\/#organization\",\"name\":\"Zacisze Zbiczno - noclegi & sala weselna\",\"url\":\"https:\\\/\\\/zacisze-zbiczno.pl\\\/\",\"logo\":{\"@type\":\"ImageObject\",\"inLanguage\":\"pl-PL\",\"@id\":\"https:\\\/\\\/zacisze-zbiczno.pl\\\/#\\\/schema\\\/logo\\\/image\\\/\",\"url\":\"http:\\\/\\\/zacisze-zbiczno.pl\\\/wp-content\\\/uploads\\\/2022\\\/06\\\/Bez-nazwy-2_Obszar-roboczy-1.png\",\"contentUrl\":\"http:\\\/\\\/zacisze-zbiczno.pl\\\/wp-content\\\/uploads\\\/2022\\\/06\\\/Bez-nazwy-2_Obszar-roboczy-1.png\",\"width\":2250,\"height\":454,\"caption\":\"Zacisze Zbiczno - noclegi & sala weselna\"},\"image\":{\"@id\":\"https:\\\/\\\/zacisze-zbiczno.pl\\\/#\\\/schema\\\/logo\\\/image\\\/\"},\"sameAs\":[\"https:\\\/\\\/www.facebook.com\\\/zaciszezbiczno\"]}]}<\/script>\n<!-- \/ Yoast SEO plugin. -->","yoast_head_json":{"title":"Pikniki - Zacisze Zbiczno","robots":{"index":"index","follow":"follow","max-snippet":"max-snippet:-1","max-image-preview":"max-image-preview:large","max-video-preview":"max-video-preview:-1"},"canonical":"https:\/\/zacisze-zbiczno.pl\/index.php\/pikniki\/","og_locale":"pl_PL","og_type":"article","og_title":"Pikniki - Zacisze Zbiczno","og_description":"Pikniki firmowe &bull; Eventy Zorganizuj imprez\u0119 firmow\u0105 Pikniki firmowe i rodzinne Organizacja imprez Tego rodzaju imprezy \u0142\u0105cz\u0105 zabaw\u0119 i relaks na \u015bwie\u017cym powietrzu z mo\u017cliwo\u015bci\u0105 integracji pracownik\u00f3w firmy i ich rodzin. Mamy bogate do\u015bwiadczenie w organizacji piknik\u00f3w firmowych i rodzinnych. Mieli\u015bmy okazj\u0119 organizowa\u0107 pikniki na ponad 1,5 tys. os\u00f3b. Nasze us\u0142ugi realizujemy zawsze z dok\u0142adno\u015bci\u0105 [&hellip;]","og_url":"https:\/\/zacisze-zbiczno.pl\/index.php\/pikniki\/","og_site_name":"Zacisze Zbiczno","article_publisher":"https:\/\/www.facebook.com\/zaciszezbiczno","article_modified_time":"2022-08-10T09:57:00+00:00","og_image":[{"url":"http:\/\/zacisze-zbiczno.pl\/wp-content\/uploads\/2022\/08\/weeding-event-715x1024.jpg","type":"","width":"","height":""}],"twitter_card":"summary_large_image","twitter_misc":{"Szacowany czas czytania":"2 minuty"},"schema":{"@context":"https:\/\/schema.org","@graph":[{"@type":"WebPage","@id":"https:\/\/zacisze-zbiczno.pl\/index.php\/pikniki\/","url":"https:\/\/zacisze-zbiczno.pl\/index.php\/pikniki\/","name":"Pikniki - Zacisze Zbiczno","isPartOf":{"@id":"https:\/\/zacisze-zbiczno.pl\/#website"},"primaryImageOfPage":{"@id":"https:\/\/zacisze-zbiczno.pl\/index.php\/pikniki\/#primaryimage"},"image":{"@id":"https:\/\/zacisze-zbiczno.pl\/index.php\/pikniki\/#primaryimage"},"thumbnailUrl":"http:\/\/zacisze-zbiczno.pl\/wp-content\/uploads\/2022\/08\/weeding-event-715x1024.jpg","datePublished":"2022-08-01T18:00:32+00:00","dateModified":"2022-08-10T09:57:00+00:00","breadcrumb":{"@id":"https:\/\/zacisze-zbiczno.pl\/index.php\/pikniki\/#breadcrumb"},"inLanguage":"pl-PL","potentialAction":[{"@type":"ReadAction","target":["https:\/\/zacisze-zbiczno.pl\/index.php\/pikniki\/"]}]},{"@type":"ImageObject","inLanguage":"pl-PL","@id":"https:\/\/zacisze-zbiczno.pl\/index.php\/pikniki\/#primaryimage","url":"https:\/\/zacisze-zbiczno.pl\/wp-content\/uploads\/2022\/08\/weeding-event.jpg","contentUrl":"https:\/\/zacisze-zbiczno.pl\/wp-content\/uploads\/2022\/08\/weeding-event.jpg","width":1048,"height":1500},{"@type":"BreadcrumbList","@id":"https:\/\/zacisze-zbiczno.pl\/index.php\/pikniki\/#breadcrumb","itemListElement":[{"@type":"ListItem","position":1,"name":"Strona g\u0142\u00f3wna","item":"https:\/\/zacisze-zbiczno.pl\/"},{"@type":"ListItem","position":2,"name":"Pikniki"}]},{"@type":"WebSite","@id":"https:\/\/zacisze-zbiczno.pl\/#website","url":"https:\/\/zacisze-zbiczno.pl\/","name":"Zacisze Zbiczno","description":"Noclegi oraz sala weselna | Organizujemy przyj\u0119cia okoliczno\u015bciowe oraz wesela | Wypocznij w\u015br\u00f3d las\u00f3w i jezior","publisher":{"@id":"https:\/\/zacisze-zbiczno.pl\/#organization"},"potentialAction":[{"@type":"SearchAction","target":{"@type":"EntryPoint","urlTemplate":"https:\/\/zacisze-zbiczno.pl\/?s={search_term_string}"},"query-input":{"@type":"PropertyValueSpecification","valueRequired":true,"valueName":"search_term_string"}}],"inLanguage":"pl-PL"},{"@type":"Organization","@id":"https:\/\/zacisze-zbiczno.pl\/#organization","name":"Zacisze Zbiczno - noclegi & sala weselna","url":"https:\/\/zacisze-zbiczno.pl\/","logo":{"@type":"ImageObject","inLanguage":"pl-PL","@id":"https:\/\/zacisze-zbiczno.pl\/#\/schema\/logo\/image\/","url":"http:\/\/zacisze-zbiczno.pl\/wp-content\/uploads\/2022\/06\/Bez-nazwy-2_Obszar-roboczy-1.png","contentUrl":"http:\/\/zacisze-zbiczno.pl\/wp-content\/uploads\/2022\/06\/Bez-nazwy-2_Obszar-roboczy-1.png","width":2250,"height":454,"caption":"Zacisze Zbiczno - noclegi & sala weselna"},"image":{"@id":"https:\/\/zacisze-zbiczno.pl\/#\/schema\/logo\/image\/"},"sameAs":["https:\/\/www.facebook.com\/zaciszezbiczno"]}]}},"_links":{"self":[{"href":"https:\/\/zacisze-zbiczno.pl\/index.php\/wp-json\/wp\/v2\/pages\/286","targetHints":{"allow":["GET"]}}],"collection":[{"href":"https:\/\/zacisze-zbiczno.pl\/index.php\/wp-json\/wp\/v2\/pages"}],"about":[{"href":"https:\/\/zacisze-zbiczno.pl\/index.php\/wp-json\/wp\/v2\/types\/page"}],"author":[{"embeddable":true,"href":"https:\/\/zacisze-zbiczno.pl\/index.php\/wp-json\/wp\/v2\/users\/1"}],"replies":[{"embeddable":true,"href":"https:\/\/zacisze-zbiczno.pl\/index.php\/wp-json\/wp\/v2\/comments?post=286"}],"version-history":[{"count":13,"href":"https:\/\/zacisze-zbiczno.pl\/index.php\/wp-json\/wp\/v2\/pages\/286\/revisions"}],"predecessor-version":[{"id":321,"href":"https:\/\/zacisze-zbiczno.pl\/index.php\/wp-json\/wp\/v2\/pages\/286\/revisions\/321"}],"wp:attachment":[{"href":"https:\/\/zacisze-zbiczno.pl\/index.php\/wp-json\/wp\/v2\/media?parent=286"}],"curies":[{"name":"wp","href":"https:\/\/api.w.org\/{rel}","templated":true}]}}